{"id":177,"date":"2024-04-27T00:52:22","date_gmt":"2024-04-26T22:52:22","guid":{"rendered":"https:\/\/betizfest.org\/?page_id=177"},"modified":"2025-12-24T14:37:46","modified_gmt":"2025-12-24T13:37:46","slug":"espace-presse","status":"publish","type":"page","link":"https:\/\/betizfest.info\/index.php\/espace-presse\/","title":{"rendered":"ESPACE PRESSE"},"content":{"rendered":"\t\t<div data-elementor-type=\"wp-page\" data-elementor-id=\"177\" class=\"elementor elementor-177\">\n\t\t\t\t\t\t<section class=\"elementor-section elementor-top-section elementor-element elementor-element-76a79b3 elementor-section-boxed elementor-section-height-default elementor-section-height-default\" data-id=\"76a79b3\" data-element_type=\"section\">\n\t\t\t\t\t\t<div class=\"elementor-container elementor-column-gap-default\">\n\t\t\t\t\t<div class=\"elementor-column elementor-col-100 elementor-top-column elementor-element elementor-element-55c5e70\" data-id=\"55c5e70\" data-element_type=\"column\">\n\t\t\t<div class=\"elementor-widget-wrap elementor-element-populated\">\n\t\t\t\t\t\t<div class=\"elementor-element elementor-element-7fcff94 elementor-widget elementor-widget-heading\" data-id=\"7fcff94\" data-element_type=\"widget\" data-widget_type=\"heading.default\">\n\t\t\t\t<div class=\"elementor-widget-container\">\n\t\t\t<style>\/*! elementor - v3.21.0 - 24-04-2024 *\/\n.elementor-heading-title{padding:0;margin:0;line-height:1}.elementor-widget-heading .elementor-heading-title[class*=elementor-size-]>a{color:inherit;font-size:inherit;line-height:inherit}.elementor-widget-heading .elementor-heading-title.elementor-size-small{font-size:15px}.elementor-widget-heading .elementor-heading-title.elementor-size-medium{font-size:19px}.elementor-widget-heading .elementor-heading-title.elementor-size-large{font-size:29px}.elementor-widget-heading .elementor-heading-title.elementor-size-xl{font-size:39px}.elementor-widget-heading .elementor-heading-title.elementor-size-xxl{font-size:59px}<\/style><h2 class=\"elementor-heading-title elementor-size-default\"><span style=\"color:#FFC620;\">ESPACE<\/span> PRESSE<\/h2>\t\t<\/div>\n\t\t\t\t<\/div>\n\t\t\t\t\t<\/div>\n\t\t<\/div>\n\t\t\t\t\t<\/div>\n\t\t<\/section>\n\t\t\t\t<section class=\"elementor-section elementor-top-section elementor-element elementor-element-c64fb93 elementor-section-boxed elementor-section-height-default elementor-section-height-default\" data-id=\"c64fb93\" data-element_type=\"section\">\n\t\t\t\t\t\t<div class=\"elementor-container elementor-column-gap-default\">\n\t\t\t\t\t<div class=\"elementor-column elementor-col-100 elementor-top-column elementor-element elementor-element-e7f6120\" data-id=\"e7f6120\" data-element_type=\"column\">\n\t\t\t<div class=\"elementor-widget-wrap elementor-element-populated\">\n\t\t\t\t\t\t<div class=\"elementor-element elementor-element-c481e33 elementor-widget elementor-widget-heading\" data-id=\"c481e33\" data-element_type=\"widget\" data-widget_type=\"heading.default\">\n\t\t\t\t<div class=\"elementor-widget-container\">\n\t\t\t<h2 class=\"elementor-heading-title elementor-size-default\">PRESSE<\/h2>\t\t<\/div>\n\t\t\t\t<\/div>\n\t\t\t\t<div class=\"elementor-element elementor-element-4fb69f5 elementor-widget__width-initial elementor-widget elementor-widget-spacer\" data-id=\"4fb69f5\" data-element_type=\"widget\" data-widget_type=\"spacer.default\">\n\t\t\t\t<div class=\"elementor-widget-container\">\n\t\t\t<style>\/*! elementor - v3.21.0 - 24-04-2024 *\/\n.elementor-column .elementor-spacer-inner{height:var(--spacer-size)}.e-con{--container-widget-width:100%}.e-con-inner>.elementor-widget-spacer,.e-con>.elementor-widget-spacer{width:var(--container-widget-width,var(--spacer-size));--align-self:var(--container-widget-align-self,initial);--flex-shrink:0}.e-con-inner>.elementor-widget-spacer>.elementor-widget-container,.e-con>.elementor-widget-spacer>.elementor-widget-container{height:100%;width:100%}.e-con-inner>.elementor-widget-spacer>.elementor-widget-container>.elementor-spacer,.e-con>.elementor-widget-spacer>.elementor-widget-container>.elementor-spacer{height:100%}.e-con-inner>.elementor-widget-spacer>.elementor-widget-container>.elementor-spacer>.elementor-spacer-inner,.e-con>.elementor-widget-spacer>.elementor-widget-container>.elementor-spacer>.elementor-spacer-inner{height:var(--container-widget-height,var(--spacer-size))}.e-con-inner>.elementor-widget-spacer.elementor-widget-empty,.e-con>.elementor-widget-spacer.elementor-widget-empty{position:relative;min-height:22px;min-width:22px}.e-con-inner>.elementor-widget-spacer.elementor-widget-empty .elementor-widget-empty-icon,.e-con>.elementor-widget-spacer.elementor-widget-empty .elementor-widget-empty-icon{position:absolute;top:0;bottom:0;left:0;right:0;margin:auto;padding:0;width:22px;height:22px}<\/style>\t\t<div class=\"elementor-spacer\">\n\t\t\t<div class=\"elementor-spacer-inner\"><\/div>\n\t\t<\/div>\n\t\t\t\t<\/div>\n\t\t\t\t<\/div>\n\t\t\t\t<div class=\"elementor-element elementor-element-bfb7239 elementor-widget elementor-widget-heading\" data-id=\"bfb7239\" data-element_type=\"widget\" data-widget_type=\"heading.default\">\n\t\t\t\t<div class=\"elementor-widget-container\">\n\t\t\t<div class=\"elementor-heading-title elementor-size-default\">Pour toute demande d\u2019accr\u00e9ditation, t\u00e9l\u00e9chargez : <a href=\"https:\/\/betizfest.info\/wp-content\/uploads\/2025\/12\/BetiZFest-accreditation-presse-2026.doc\">le formulaire d'accr\u00e9ditation 2026<\/a><\/div>\t\t<\/div>\n\t\t\t\t<\/div>\n\t\t\t\t<div class=\"elementor-element elementor-element-f64e5d5 elementor-widget elementor-widget-heading\" data-id=\"f64e5d5\" data-element_type=\"widget\" data-widget_type=\"heading.default\">\n\t\t\t\t<div class=\"elementor-widget-container\">\n\t\t\t<div class=\"elementor-heading-title elementor-size-default\">Infos et contact Presse :\nfrancoismangeurdekiwis(at)gmail.com<\/div>\t\t<\/div>\n\t\t\t\t<\/div>\n\t\t\t\t\t<\/div>\n\t\t<\/div>\n\t\t\t\t\t<\/div>\n\t\t<\/section>\n\t\t\t\t<section class=\"elementor-section elementor-top-section elementor-element elementor-element-2fd6653 elementor-section-boxed elementor-section-height-default elementor-section-height-default\" data-id=\"2fd6653\" data-element_type=\"section\">\n\t\t\t\t\t\t<div class=\"elementor-container elementor-column-gap-default\">\n\t\t\t\t\t<div class=\"elementor-column elementor-col-100 elementor-top-column elementor-element elementor-element-ad90255\" data-id=\"ad90255\" data-element_type=\"column\">\n\t\t\t<div class=\"elementor-widget-wrap elementor-element-populated\">\n\t\t\t\t\t\t<div class=\"elementor-element elementor-element-23672ec elementor-widget elementor-widget-heading\" data-id=\"23672ec\" data-element_type=\"widget\" data-widget_type=\"heading.default\">\n\t\t\t\t<div class=\"elementor-widget-container\">\n\t\t\t<h2 class=\"elementor-heading-title elementor-size-default\">CONTACTEZ-NOUS<\/h2>\t\t<\/div>\n\t\t\t\t<\/div>\n\t\t\t\t<div class=\"elementor-element elementor-element-468b094 elementor-widget__width-initial elementor-widget elementor-widget-spacer\" data-id=\"468b094\" data-element_type=\"widget\" data-widget_type=\"spacer.default\">\n\t\t\t\t<div class=\"elementor-widget-container\">\n\t\t\t\t\t<div class=\"elementor-spacer\">\n\t\t\t<div class=\"elementor-spacer-inner\"><\/div>\n\t\t<\/div>\n\t\t\t\t<\/div>\n\t\t\t\t<\/div>\n\t\t\t\t<div class=\"elementor-element elementor-element-4176048 elementor-widget elementor-widget-heading\" data-id=\"4176048\" data-element_type=\"widget\" data-widget_type=\"heading.default\">\n\t\t\t\t<div class=\"elementor-widget-container\">\n\t\t\t<div class=\"elementor-heading-title elementor-size-default\">betizfest(at)gmail.com\n<\/div>\t\t<\/div>\n\t\t\t\t<\/div>\n\t\t\t\t\t<\/div>\n\t\t<\/div>\n\t\t\t\t\t<\/div>\n\t\t<\/section>\n\t\t\t\t<section class=\"elementor-section elementor-top-section elementor-element elementor-element-5a5ac7a elementor-section-boxed elementor-section-height-default elementor-section-height-default\" data-id=\"5a5ac7a\" data-element_type=\"section\">\n\t\t\t\t\t\t<div class=\"elementor-container elementor-column-gap-default\">\n\t\t\t\t\t<div class=\"elementor-column elementor-col-100 elementor-top-column elementor-element elementor-element-dff4a64\" data-id=\"dff4a64\" data-element_type=\"column\">\n\t\t\t<div class=\"elementor-widget-wrap elementor-element-populated\">\n\t\t\t\t\t\t<div class=\"elementor-element elementor-element-2da627d elementor-widget elementor-widget-image\" data-id=\"2da627d\" data-element_type=\"widget\" data-widget_type=\"image.default\">\n\t\t\t\t<div class=\"elementor-widget-container\">\n\t\t\t<style>\/*! elementor - v3.21.0 - 24-04-2024 *\/\n.elementor-widget-image{text-align:center}.elementor-widget-image a{display:inline-block}.elementor-widget-image a img[src$=\".svg\"]{width:48px}.elementor-widget-image img{vertical-align:middle;display:inline-block}<\/style>\t\t\t\t\t\t\t\t\t\t<img fetchpriority=\"high\" decoding=\"async\" width=\"1024\" height=\"683\" src=\"https:\/\/betizfest.info\/wp-content\/uploads\/2024\/04\/IMG_7534-1024x683.jpg\" class=\"attachment-large size-large wp-image-243\" alt=\"\" srcset=\"https:\/\/betizfest.info\/wp-content\/uploads\/2024\/04\/IMG_7534-1024x683.jpg 1024w, https:\/\/betizfest.info\/wp-content\/uploads\/2024\/04\/IMG_7534-300x200.jpg 300w, https:\/\/betizfest.info\/wp-content\/uploads\/2024\/04\/IMG_7534-768x512.jpg 768w, https:\/\/betizfest.info\/wp-content\/uploads\/2024\/04\/IMG_7534-1536x1024.jpg 1536w, https:\/\/betizfest.info\/wp-content\/uploads\/2024\/04\/IMG_7534-2048x1365.jpg 2048w\" sizes=\"(max-width: 1024px) 100vw, 1024px\" \/>\t\t\t\t\t\t\t\t\t\t\t\t\t<\/div>\n\t\t\t\t<\/div>\n\t\t\t\t\t<\/div>\n\t\t<\/div>\n\t\t\t\t\t<\/div>\n\t\t<\/section>\n\t\t\t\t<\/div>\n\t\t","protected":false},"excerpt":{"rendered":"<p>ESPACE PRESSE PRESSE Pour toute demande d\u2019accr\u00e9ditation, t\u00e9l\u00e9chargez : le formulaire d&rsquo;accr\u00e9ditation 2026 Infos et contact Presse : francoismangeurdekiwis(at)gmail.com CONTACTEZ-NOUS [&hellip;]<\/p>\n","protected":false},"author":1,"featured_media":0,"parent":0,"menu_order":0,"comment_status":"closed","ping_status":"closed","template":"","meta":{"site-sidebar-layout":"no-sidebar","site-content-layout":"","ast-site-content-layout":"full-width-container","site-content-style":"default","site-sidebar-style":"default","ast-global-header-display":"","ast-banner-title-visibility":"","ast-main-header-display":"","ast-hfb-above-header-display":"","ast-hfb-below-header-display":"","ast-hfb-mobile-header-display":"","site-post-title":"disabled","ast-breadcrumbs-content":"","ast-featured-img":"disabled","footer-sml-layout":"","theme-transparent-header-meta":"","adv-header-id-meta":"","stick-header-meta":"","header-above-stick-meta":"","header-main-stick-meta":"","header-below-stick-meta":"","astra-migrate-meta-layouts":"default","ast-page-background-enabled":"default","ast-page-background-meta":{"desktop":{"background-color":"var(--ast-global-color-4)","background-image":"","background-repeat":"repeat","background-position":"center center","background-size":"auto","background-attachment":"scroll","background-type":"","background-media":"","overlay-type":"","overlay-color":"","overlay-gradient":""},"tablet":{"background-color":"","background-image":"","background-repeat":"repeat","background-position":"center center","background-size":"auto","background-attachment":"scroll","background-type":"","background-media":"","overlay-type":"","overlay-color":"","overlay-gradient":""},"mobile":{"background-color":"","background-image":"","background-repeat":"repeat","background-position":"center center","background-size":"auto","background-attachment":"scroll","background-type":"","background-media":"","overlay-type":"","overlay-color":"","overlay-gradient":""}},"ast-content-background-meta":{"desktop":{"background-color":"var(--ast-global-color-5)","background-image":"","background-repeat":"repeat","background-position":"center center","background-size":"auto","background-attachment":"scroll","background-type":"","background-media":"","overlay-type":"","overlay-color":"","overlay-gradient":""},"tablet":{"background-color":"var(--ast-global-color-5)","background-image":"","background-repeat":"repeat","background-position":"center center","background-size":"auto","background-attachment":"scroll","background-type":"","background-media":"","overlay-type":"","overlay-color":"","overlay-gradient":""},"mobile":{"background-color":"var(--ast-global-color-5)","background-image":"","background-repeat":"repeat","background-position":"center center","background-size":"auto","background-attachment":"scroll","background-type":"","background-media":"","overlay-type":"","overlay-color":"","overlay-gradient":""}},"footnotes":""},"class_list":["post-177","page","type-page","status-publish","hentry"],"yoast_head":"<!-- This site is optimized with the Yoast SEO plugin v22.5 - https:\/\/yoast.com\/wordpress\/plugins\/seo\/ -->\n<title>ESPACE PRESSE - BETIZFEST<\/title>\n<meta name=\"robots\" content=\"index, follow, max-snippet:-1, max-image-preview:large, max-video-preview:-1\" \/>\n<link rel=\"canonical\" href=\"https:\/\/betizfest.info\/index.php\/espace-presse\/\" \/>\n<meta property=\"og:locale\" content=\"fr_FR\" \/>\n<meta property=\"og:type\" content=\"article\" \/>\n<meta property=\"og:title\" content=\"ESPACE PRESSE - BETIZFEST\" \/>\n<meta property=\"og:description\" content=\"ESPACE PRESSE PRESSE Pour toute demande d\u2019accr\u00e9ditation, t\u00e9l\u00e9chargez : le formulaire d&rsquo;accr\u00e9ditation 2026 Infos et contact Presse : francoismangeurdekiwis(at)gmail.com CONTACTEZ-NOUS [&hellip;]\" \/>\n<meta property=\"og:url\" content=\"https:\/\/betizfest.info\/index.php\/espace-presse\/\" \/>\n<meta property=\"og:site_name\" content=\"BETIZFEST\" \/>\n<meta property=\"article:publisher\" content=\"https:\/\/www.facebook.com\/betizfest\/?locale=fr_FR\" \/>\n<meta property=\"article:modified_time\" content=\"2025-12-24T13:37:46+00:00\" \/>\n<meta property=\"og:image\" content=\"https:\/\/betizfest.info\/wp-content\/uploads\/2024\/04\/IMG_7534-1024x683.jpg\" \/>\n<meta name=\"twitter:card\" content=\"summary_large_image\" \/>\n<meta name=\"twitter:label1\" content=\"Dur\u00e9e de lecture estim\u00e9e\" \/>\n\t<meta name=\"twitter:data1\" content=\"1 minute\" \/>\n<script type=\"application\/ld+json\" class=\"yoast-schema-graph\">{\"@context\":\"https:\/\/schema.org\",\"@graph\":[{\"@type\":\"WebPage\",\"@id\":\"https:\/\/betizfest.info\/index.php\/espace-presse\/\",\"url\":\"https:\/\/betizfest.info\/index.php\/espace-presse\/\",\"name\":\"ESPACE PRESSE - BETIZFEST\",\"isPartOf\":{\"@id\":\"https:\/\/betizfest.info\/#website\"},\"primaryImageOfPage\":{\"@id\":\"https:\/\/betizfest.info\/index.php\/espace-presse\/#primaryimage\"},\"image\":{\"@id\":\"https:\/\/betizfest.info\/index.php\/espace-presse\/#primaryimage\"},\"thumbnailUrl\":\"https:\/\/betizfest.info\/wp-content\/uploads\/2024\/04\/IMG_7534-1024x683.jpg\",\"datePublished\":\"2024-04-26T22:52:22+00:00\",\"dateModified\":\"2025-12-24T13:37:46+00:00\",\"breadcrumb\":{\"@id\":\"https:\/\/betizfest.info\/index.php\/espace-presse\/#breadcrumb\"},\"inLanguage\":\"fr-FR\",\"potentialAction\":[{\"@type\":\"ReadAction\",\"target\":[\"https:\/\/betizfest.info\/index.php\/espace-presse\/\"]}]},{\"@type\":\"ImageObject\",\"inLanguage\":\"fr-FR\",\"@id\":\"https:\/\/betizfest.info\/index.php\/espace-presse\/#primaryimage\",\"url\":\"https:\/\/betizfest.info\/wp-content\/uploads\/2024\/04\/IMG_7534-scaled.jpg\",\"contentUrl\":\"https:\/\/betizfest.info\/wp-content\/uploads\/2024\/04\/IMG_7534-scaled.jpg\",\"width\":2560,\"height\":1707},{\"@type\":\"BreadcrumbList\",\"@id\":\"https:\/\/betizfest.info\/index.php\/espace-presse\/#breadcrumb\",\"itemListElement\":[{\"@type\":\"ListItem\",\"position\":1,\"name\":\"Accueil\",\"item\":\"https:\/\/betizfest.info\/\"},{\"@type\":\"ListItem\",\"position\":2,\"name\":\"ESPACE PRESSE\"}]},{\"@type\":\"WebSite\",\"@id\":\"https:\/\/betizfest.info\/#website\",\"url\":\"https:\/\/betizfest.info\/\",\"name\":\"BETIZFEST\",\"description\":\"Festival \u00e0 Cambrai\",\"publisher\":{\"@id\":\"https:\/\/betizfest.info\/#organization\"},\"potentialAction\":[{\"@type\":\"SearchAction\",\"target\":{\"@type\":\"EntryPoint\",\"urlTemplate\":\"https:\/\/betizfest.info\/?s={search_term_string}\"},\"query-input\":\"required name=search_term_string\"}],\"inLanguage\":\"fr-FR\"},{\"@type\":\"Organization\",\"@id\":\"https:\/\/betizfest.info\/#organization\",\"name\":\"BETIZFEST\",\"url\":\"https:\/\/betizfest.info\/\",\"logo\":{\"@type\":\"ImageObject\",\"inLanguage\":\"fr-FR\",\"@id\":\"https:\/\/betizfest.info\/#\/schema\/logo\/image\/\",\"url\":\"https:\/\/betizfest.info\/wp-content\/uploads\/2024\/04\/logo.png\",\"contentUrl\":\"https:\/\/betizfest.info\/wp-content\/uploads\/2024\/04\/logo.png\",\"width\":262,\"height\":262,\"caption\":\"BETIZFEST\"},\"image\":{\"@id\":\"https:\/\/betizfest.info\/#\/schema\/logo\/image\/\"},\"sameAs\":[\"https:\/\/www.facebook.com\/betizfest\/?locale=fr_FR\",\"https:\/\/www.instagram.com\/betizfest_officiel\/\",\"https:\/\/www.youtube.com\/user\/betizfest\"]}]}<\/script>\n<!-- \/ Yoast SEO plugin. -->","yoast_head_json":{"title":"ESPACE PRESSE - BETIZFEST","robots":{"index":"index","follow":"follow","max-snippet":"max-snippet:-1","max-image-preview":"max-image-preview:large","max-video-preview":"max-video-preview:-1"},"canonical":"https:\/\/betizfest.info\/index.php\/espace-presse\/","og_locale":"fr_FR","og_type":"article","og_title":"ESPACE PRESSE - BETIZFEST","og_description":"ESPACE PRESSE PRESSE Pour toute demande d\u2019accr\u00e9ditation, t\u00e9l\u00e9chargez : le formulaire d&rsquo;accr\u00e9ditation 2026 Infos et contact Presse : francoismangeurdekiwis(at)gmail.com CONTACTEZ-NOUS [&hellip;]","og_url":"https:\/\/betizfest.info\/index.php\/espace-presse\/","og_site_name":"BETIZFEST","article_publisher":"https:\/\/www.facebook.com\/betizfest\/?locale=fr_FR","article_modified_time":"2025-12-24T13:37:46+00:00","og_image":[{"url":"https:\/\/betizfest.info\/wp-content\/uploads\/2024\/04\/IMG_7534-1024x683.jpg"}],"twitter_card":"summary_large_image","twitter_misc":{"Dur\u00e9e de lecture estim\u00e9e":"1 minute"},"schema":{"@context":"https:\/\/schema.org","@graph":[{"@type":"WebPage","@id":"https:\/\/betizfest.info\/index.php\/espace-presse\/","url":"https:\/\/betizfest.info\/index.php\/espace-presse\/","name":"ESPACE PRESSE - BETIZFEST","isPartOf":{"@id":"https:\/\/betizfest.info\/#website"},"primaryImageOfPage":{"@id":"https:\/\/betizfest.info\/index.php\/espace-presse\/#primaryimage"},"image":{"@id":"https:\/\/betizfest.info\/index.php\/espace-presse\/#primaryimage"},"thumbnailUrl":"https:\/\/betizfest.info\/wp-content\/uploads\/2024\/04\/IMG_7534-1024x683.jpg","datePublished":"2024-04-26T22:52:22+00:00","dateModified":"2025-12-24T13:37:46+00:00","breadcrumb":{"@id":"https:\/\/betizfest.info\/index.php\/espace-presse\/#breadcrumb"},"inLanguage":"fr-FR","potentialAction":[{"@type":"ReadAction","target":["https:\/\/betizfest.info\/index.php\/espace-presse\/"]}]},{"@type":"ImageObject","inLanguage":"fr-FR","@id":"https:\/\/betizfest.info\/index.php\/espace-presse\/#primaryimage","url":"https:\/\/betizfest.info\/wp-content\/uploads\/2024\/04\/IMG_7534-scaled.jpg","contentUrl":"https:\/\/betizfest.info\/wp-content\/uploads\/2024\/04\/IMG_7534-scaled.jpg","width":2560,"height":1707},{"@type":"BreadcrumbList","@id":"https:\/\/betizfest.info\/index.php\/espace-presse\/#breadcrumb","itemListElement":[{"@type":"ListItem","position":1,"name":"Accueil","item":"https:\/\/betizfest.info\/"},{"@type":"ListItem","position":2,"name":"ESPACE PRESSE"}]},{"@type":"WebSite","@id":"https:\/\/betizfest.info\/#website","url":"https:\/\/betizfest.info\/","name":"BETIZFEST","description":"Festival \u00e0 Cambrai","publisher":{"@id":"https:\/\/betizfest.info\/#organization"},"potentialAction":[{"@type":"SearchAction","target":{"@type":"EntryPoint","urlTemplate":"https:\/\/betizfest.info\/?s={search_term_string}"},"query-input":"required name=search_term_string"}],"inLanguage":"fr-FR"},{"@type":"Organization","@id":"https:\/\/betizfest.info\/#organization","name":"BETIZFEST","url":"https:\/\/betizfest.info\/","logo":{"@type":"ImageObject","inLanguage":"fr-FR","@id":"https:\/\/betizfest.info\/#\/schema\/logo\/image\/","url":"https:\/\/betizfest.info\/wp-content\/uploads\/2024\/04\/logo.png","contentUrl":"https:\/\/betizfest.info\/wp-content\/uploads\/2024\/04\/logo.png","width":262,"height":262,"caption":"BETIZFEST"},"image":{"@id":"https:\/\/betizfest.info\/#\/schema\/logo\/image\/"},"sameAs":["https:\/\/www.facebook.com\/betizfest\/?locale=fr_FR","https:\/\/www.instagram.com\/betizfest_officiel\/","https:\/\/www.youtube.com\/user\/betizfest"]}]}},"_links":{"self":[{"href":"https:\/\/betizfest.info\/index.php\/wp-json\/wp\/v2\/pages\/177","targetHints":{"allow":["GET"]}}],"collection":[{"href":"https:\/\/betizfest.info\/index.php\/wp-json\/wp\/v2\/pages"}],"about":[{"href":"https:\/\/betizfest.info\/index.php\/wp-json\/wp\/v2\/types\/page"}],"author":[{"embeddable":true,"href":"https:\/\/betizfest.info\/index.php\/wp-json\/wp\/v2\/users\/1"}],"replies":[{"embeddable":true,"href":"https:\/\/betizfest.info\/index.php\/wp-json\/wp\/v2\/comments?post=177"}],"version-history":[{"count":109,"href":"https:\/\/betizfest.info\/index.php\/wp-json\/wp\/v2\/pages\/177\/revisions"}],"predecessor-version":[{"id":549,"href":"https:\/\/betizfest.info\/index.php\/wp-json\/wp\/v2\/pages\/177\/revisions\/549"}],"wp:attachment":[{"href":"https:\/\/betizfest.info\/index.php\/wp-json\/wp\/v2\/media?parent=177"}],"curies":[{"name":"wp","href":"https:\/\/api.w.org\/{rel}","templated":true}]}}